{"id":145,"date":"2016-05-31T10:13:01","date_gmt":"2016-05-31T08:13:01","guid":{"rendered":"https:\/\/hairforce.it\/?page_id=145"},"modified":"2017-08-07T10:31:52","modified_gmt":"2017-08-07T08:31:52","slug":"about-us","status":"publish","type":"page","link":"https:\/\/hairforce.it\/it\/about-us\/","title":{"rendered":"Chi Siamo"},"content":{"rendered":"<p>[vc_row full_width=&#8221;stretch_row_content_no_spaces&#8221; css=&#8221;.vc_custom_1464595325128{margin-bottom: 0px !important;}&#8221;][vc_column][vc_column_text]<!-- meta slider -->\n<div style=\"max-width: 1920px;\" class=\"metaslider metaslider-responsive metaslider-347 ml-slider\">\n    \n    <div id=\"metaslider_container_347\">\n        <ul id='metaslider_347' class='rslides'>\n            <li><img src=\"https:\/\/hairforce.it\/wp-content\/uploads\/2016\/10\/team-last-1920x1000.jpg\" height=\"1000\" width=\"1920\" alt=\"\" class=\"slider-347 slide-424\" \/><\/li>\n            <li style='display: none;'><img src=\"https:\/\/hairforce.it\/wp-content\/uploads\/2017\/11\/coverciano-nfw-1920x1000.jpg\" height=\"1000\" width=\"1920\" alt=\"\" class=\"slider-347 slide-471\" \/><\/li>\n            <li style='display: none;'><img src=\"https:\/\/hairforce.it\/wp-content\/uploads\/2017\/11\/ghibellina-lastw-1920x1000.jpg\" height=\"1000\" width=\"1920\" alt=\"\" class=\"slider-347 slide-472\" \/><\/li>\n        <\/ul>\n        \n    <\/div>\n    <script type=\"text\/javascript\">\n        var metaslider_347 = function($) {\n            $('#metaslider_347').responsiveSlides({ \n                timeout:6000,\n                pager:false,\n                nav:true,\n                pause:true,\n                speed:600,\n                prevText:\"&lt;\",\n                nextText:\"&gt;\",\n                auto:true\n            });\n        };\n        var timer_metaslider_347 = function() {\n            var slider = !window.jQuery ? window.setTimeout(timer_metaslider_347, 100) : !jQuery.isReady ? window.setTimeout(timer_metaslider_347, 1) : metaslider_347(window.jQuery);\n        };\n        timer_metaslider_347();\n    <\/script>\n<\/div>\n<!--\/\/ meta slider-->[\/vc_column_text][\/vc_column][\/vc_row]<\/p>\n<h1>Chi siamo<\/h1>\n<p>HairForce propone una nuova concezione dell&#8217;hair-styling, un momento da dedicare a se stessi, al relax e alle curiosit\u00e0. Molto pi\u00f9 di un parrucchiere, \u00e8 un luogo dove rilassarsi, conoscere cose nuove, incontrare persone&#8230;<\/p>\n<p>HairForce nasce come Parrucchiere a Firenze nel 2001 nella &#8220;storica&#8221; sede di via Ghibellina dal genio dei &#8220;faboluos three&#8221; Joe, Andrea e Francesco.<br \/>\nCaratterizzato da una clientela dinamica e cosmopolita, solo come il centro di Firenze pu\u00f2 offrire, decidono di arricchire il panorama dei saloni creando una nuova sede. Cos\u00ec nel 2007 affiancati dall&#8217;estro raffinato di Serena nasce HairForce in via Tozzi a Coverciano per assicurare alla clientela sempre maggiori cure nei servizi in un ambiente minimal, curato e con ampia possibilit\u00e0 di parcheggio.<br \/>\nEntrambi i negozi mettono a disposizione dei clienti, oltre ad un piccolo servizio consumazioni, anche la navigazione internet in attesa del proprio appuntamento, magari con l&#8217;Ipad, ma soprattutto offrono la possibilit\u00e0 di spedire una foto digitale del taglio o dell&#8217;acconciatura appena fatta a parenti e amici tramite servizio email.<br \/>\nSiamo uno dei pochi parrucchieri a Firenze aperti di luned\u00ec sera![vc_row][vc_column][vc_media_grid element_width=&#8221;6&#8243; grid_id=&#8221;vc_gid:1465482262669-62a9aa61-28fd-8&#8243; include=&#8221;162,456&#8243;][\/vc_column][\/vc_row]<\/p>","protected":false},"excerpt":{"rendered":"<p>[vc_row full_width=&#8221;stretch_row_content_no_spaces&#8221; css=&#8221;.vc_custom_1464595325128{margin-bottom: 0px !important;}&#8221;][vc_column][vc_column_text][\/vc_column_text][\/vc_column][\/vc_row] Chi siamo HairForce propone una nuova concezione dell&#8217;hair-styling, un momento da dedicare a se stessi,&#8230;<\/p>\n","protected":false},"author":1,"featured_media":0,"parent":0,"menu_order":0,"comment_status":"closed","ping_status":"closed","template":"","meta":[],"_links":{"self":[{"href":"https:\/\/hairforce.it\/it\/wp-json\/wp\/v2\/pages\/145"}],"collection":[{"href":"https:\/\/hairforce.it\/it\/wp-json\/wp\/v2\/pages"}],"about":[{"href":"https:\/\/hairforce.it\/it\/wp-json\/wp\/v2\/types\/page"}],"author":[{"embeddable":true,"href":"https:\/\/hairforce.it\/it\/wp-json\/wp\/v2\/users\/1"}],"replies":[{"embeddable":true,"href":"https:\/\/hairforce.it\/it\/wp-json\/wp\/v2\/comments?post=145"}],"version-history":[{"count":11,"href":"https:\/\/hairforce.it\/it\/wp-json\/wp\/v2\/pages\/145\/revisions"}],"predecessor-version":[{"id":463,"href":"https:\/\/hairforce.it\/it\/wp-json\/wp\/v2\/pages\/145\/revisions\/463"}],"wp:attachment":[{"href":"https:\/\/hairforce.it\/it\/wp-json\/wp\/v2\/media?parent=145"}],"curies":[{"name":"wp","href":"https:\/\/api.w.org\/{rel}","templated":true}]}}