{"id":169,"date":"2016-05-31T12:48:23","date_gmt":"2016-05-31T10:48:23","guid":{"rendered":"https:\/\/hairforce.it\/?page_id=169"},"modified":"2016-09-28T17:01:15","modified_gmt":"2016-09-28T15:01:15","slug":"customers","status":"publish","type":"page","link":"https:\/\/hairforce.it\/it\/customers\/","title":{"rendered":"Clienti"},"content":{"rendered":"<p>[vc_row full_width=&#8221;stretch_row_content_no_spaces&#8221; css=&#8221;.vc_custom_1464595325128{margin-bottom: 0px !important;}&#8221;][vc_column][vc_column_text]<!-- meta slider -->\n<div style=\"max-width: 1920px;\" class=\"metaslider metaslider-responsive metaslider-329 ml-slider\">\n    \n    <div id=\"metaslider_container_329\">\n        <ul id='metaslider_329' class='rslides'>\n            <li><img src=\"https:\/\/hairforce.it\/wp-content\/uploads\/2016\/10\/stampa-f.jpg\" height=\"1000\" width=\"1920\" alt=\"\" class=\"slider-329 slide-411\" \/><\/li>\n        <\/ul>\n        \n    <\/div>\n    <script type=\"text\/javascript\">\n        var metaslider_329 = function($) {\n            $('#metaslider_329').responsiveSlides({ \n                timeout:6000,\n                pager:false,\n                nav:true,\n                pause:true,\n                speed:600,\n                prevText:\"&lt;\",\n                nextText:\"&gt;\",\n                auto:true\n            });\n        };\n        var timer_metaslider_329 = function() {\n            var slider = !window.jQuery ? window.setTimeout(timer_metaslider_329, 100) : !jQuery.isReady ? window.setTimeout(timer_metaslider_329, 1) : metaslider_329(window.jQuery);\n        };\n        timer_metaslider_329();\n    <\/script>\n<\/div>\n<!--\/\/ meta slider-->[\/vc_column_text][\/vc_column][\/vc_row][vc_row][vc_column]<div class=\"preloader\"><\/div><div class=\"sc-testimonials fullwidth-block\">\n<div id=\"post-218\" class=\"sc-testimonial-item post-218 scalia_testimonial type-scalia_testimonial status-publish has-post-thumbnail hentry\"> <div class=\"sc-testimonial-image\"> <img width=\"348\" height=\"348\" src=\"https:\/\/hairforce.it\/wp-content\/uploads\/2016\/06\/guestbook-scalia-person.png\" class=\"img-responsive img-circle wp-post-image\" alt=\"guestbook\" \/>\t<\/div> <blockquote class=\"sc-testimonial-text\"> <p>Sono venuta per la prima volta venerdi scorso e devo dire che sono rimasta soddisfattittissima!! il taglio \u00e8 strepitoso proprio cio\u00f2 che volevo. Mi hanno sputo soddisfare in pieno cosigliandomi un taglio che mi sta benissimo e poi sono stati davvero gentili e simpatici insomma un parucchiere che consiglio a tutti di provare prezzi onesti e qualit\u00e0 io sicuramente torner\u00f2 molto presto.<\/p> <\/blockquote> <div class=\"sc-testimonial-name\">Pamela<\/div>\t<\/div>\n<div id=\"post-219\" class=\"sc-testimonial-item post-219 scalia_testimonial type-scalia_testimonial status-publish has-post-thumbnail hentry\"> <div class=\"sc-testimonial-image\"> <img width=\"348\" height=\"348\" src=\"https:\/\/hairforce.it\/wp-content\/uploads\/2016\/06\/guestbook-scalia-person.png\" class=\"img-responsive img-circle wp-post-image\" alt=\"guestbook\" \/>\t<\/div> <blockquote class=\"sc-testimonial-text\"> <p>Cosa dire ! Davvero stupendo ! Posso solo consigliare ! Hanno dimostrato gran professionalit\u00e0! Lo dice una che avr\u00e0 girato 10 parrucchieri negli ultimi 5 anni ! Poi, senza parlare del rapporto qualit\u00e0 prezzo ! Altissimo ! mi dispiace solo di non poter trovare un parrucchiere cos\u00ec a ZH. Vorr\u00e0 dire che verr\u00f2 pi\u00f9 spesso a Firenze !<\/p> <\/blockquote> <div class=\"sc-testimonial-name\">Sandrine<\/div>\t<\/div>\n<div id=\"post-220\" class=\"sc-testimonial-item post-220 scalia_testimonial type-scalia_testimonial status-publish has-post-thumbnail hentry\"> <div class=\"sc-testimonial-image\"> <img width=\"348\" height=\"348\" src=\"https:\/\/hairforce.it\/wp-content\/uploads\/2016\/06\/guestbook-scalia-person.png\" class=\"img-responsive img-circle wp-post-image\" alt=\"guestbook\" \/>\t<\/div> <blockquote class=\"sc-testimonial-text\"> <p>Avevo trovato su internet ottimi commenti su Haiforce, cos\u00ec gioved\u00ec scorso, dopo aver preso appuntamento, mi sono recata da loro nel negozio di via Tozzi. Quello che avevo letto \u00e8 tutto vero: l\u2019ambiente \u00e8 gradevole, il personale cordiale e professionale, la poltrona shiatzu piacevolissima e l\u2019intero staff, con semplicit\u00e0 e cortesia, ti mette subito a proprio agio, offrendoti un caff\u00e8 o magari un mandarino, come ha fatto Joe, il \u201cfondatore della prima sede\u201d di via Ghibellina, che gioved\u00ec si trovava l\u00ec. Serena, la titolare del negozio, mi ha poi fornito anche della card \u201cLove-it\u201d, utilizzabile in molti esercizi commerciali, alla quale anche Hairforce aderisce. Sono rimasta davvero contenta di tutto e soprattutto dei miei colpi di sole \u201cbicolor\u201d e del taglio che mi ha fatto Anna. Quando sono tornata a casa anche i miei hanno elogiato il risultato e mia figlia ha detto che ci andr\u00e0 quanto prima. Lo consiglio davvero a tutti!<\/p> <\/blockquote> <div class=\"sc-testimonial-name\">Giovanna Landi<\/div>\t<\/div><\/div>[\/vc_column][\/vc_row]<\/p>\n","protected":false},"excerpt":{"rendered":"<p>[vc_row full_width=&#8221;stretch_row_content_no_spaces&#8221; css=&#8221;.vc_custom_1464595325128{margin-bottom: 0px !important;}&#8221;][vc_column][vc_column_text][\/vc_column_text][\/vc_column][\/vc_row][vc_row][vc_column][\/vc_column][\/vc_row]<\/p>\n","protected":false},"author":1,"featured_media":0,"parent":0,"menu_order":0,"comment_status":"closed","ping_status":"closed","template":"","meta":[],"_links":{"self":[{"href":"https:\/\/hairforce.it\/it\/wp-json\/wp\/v2\/pages\/169"}],"collection":[{"href":"https:\/\/hairforce.it\/it\/wp-json\/wp\/v2\/pages"}],"about":[{"href":"https:\/\/hairforce.it\/it\/wp-json\/wp\/v2\/types\/page"}],"author":[{"embeddable":true,"href":"https:\/\/hairforce.it\/it\/wp-json\/wp\/v2\/users\/1"}],"replies":[{"embeddable":true,"href":"https:\/\/hairforce.it\/it\/wp-json\/wp\/v2\/comments?post=169"}],"version-history":[{"count":4,"href":"https:\/\/hairforce.it\/it\/wp-json\/wp\/v2\/pages\/169\/revisions"}],"predecessor-version":[{"id":332,"href":"https:\/\/hairforce.it\/it\/wp-json\/wp\/v2\/pages\/169\/revisions\/332"}],"wp:attachment":[{"href":"https:\/\/hairforce.it\/it\/wp-json\/wp\/v2\/media?parent=169"}],"curies":[{"name":"wp","href":"https:\/\/api.w.org\/{rel}","templated":true}]}}