{"id":171,"date":"2016-05-31T12:49:07","date_gmt":"2016-05-31T10:49:07","guid":{"rendered":"https:\/\/hairforce.it\/?page_id=171"},"modified":"2016-12-05T09:26:03","modified_gmt":"2016-12-05T08:26:03","slug":"press","status":"publish","type":"page","link":"https:\/\/hairforce.it\/it\/press\/","title":{"rendered":"Press"},"content":{"rendered":"<p>[vc_row full_width=&#8221;stretch_row_content_no_spaces&#8221; css=&#8221;.vc_custom_1464595325128{margin-bottom: 0px !important;}&#8221;][vc_column][vc_column_text]<!-- meta slider -->\n<div style=\"max-width: 1920px;\" class=\"metaslider metaslider-responsive metaslider-329 ml-slider\">\n    \n    <div id=\"metaslider_container_329\">\n        <ul id='metaslider_329' class='rslides'>\n            <li><img src=\"https:\/\/hairforce.it\/wp-content\/uploads\/2016\/10\/stampa-f.jpg\" height=\"1000\" width=\"1920\" alt=\"\" class=\"slider-329 slide-411\" \/><\/li>\n        <\/ul>\n        \n    <\/div>\n    <script type=\"text\/javascript\">\n        var metaslider_329 = function($) {\n            $('#metaslider_329').responsiveSlides({ \n                timeout:6000,\n                pager:false,\n                nav:true,\n                pause:true,\n                speed:600,\n                prevText:\"&lt;\",\n                nextText:\"&gt;\",\n                auto:true\n            });\n        };\n        var timer_metaslider_329 = function() {\n            var slider = !window.jQuery ? window.setTimeout(timer_metaslider_329, 100) : !jQuery.isReady ? window.setTimeout(timer_metaslider_329, 1) : metaslider_329(window.jQuery);\n        };\n        timer_metaslider_329();\n    <\/script>\n<\/div>\n<!--\/\/ meta slider-->[\/vc_column_text][\/vc_column][\/vc_row][vc_row][vc_column][vc_column_text]<\/p>\n<h2>Dicono di noi<\/h2>\n<p><strong><a href=\"http:\/\/www.zankyou.it\/p\/i-10-trend-2016-che-non-vorrete-perdervi-se-state-organizzando-il-vostro-matrimonio\" target=\"_blank\">www.zankyou.it<\/a><\/strong><\/p>\n<p><strong><a href=\"http:\/\/www.teladoiofirenze.it\/sponsored-story\/hairforce-hair-stylist-di-fiducia-a-firenze\/\" target=\"_blank\">www.teladoiofirenze.it<\/a><\/strong> (Hairforce Ghibellina)<\/p>\n<p><strong><a href=\"http:\/\/www.teladoiofirenze.it\/sponsored-story\/hairforce-lhair-stylist-tutto-al-femminile\/\" target=\"_blank\">www.teladoiofirenze.it<\/a><\/strong> (Hairforce Coverciano)[\/vc_column_text]<div class=\"preloader\"><\/div><div class=\"sc-testimonials fullwidth-block\">\n<div id=\"post-214\" class=\"sc-testimonial-item post-214 scalia_testimonial type-scalia_testimonial status-publish has-post-thumbnail hentry\"> <div class=\"sc-testimonial-image\"> <img width=\"348\" height=\"348\" src=\"https:\/\/hairforce.it\/wp-content\/uploads\/2016\/06\/guestbook-scalia-person.png\" class=\"img-responsive img-circle wp-post-image\" alt=\"guestbook\" \/>\t<\/div> <blockquote class=\"sc-testimonial-text\"> <p>Che bello, ho ricevuto una mail diversa da quella di prima, finalmente qualcuno chiede qualcosa che non sia un posto per mangiare!!<\/p>\n<p><em>Salve Nelli, vorrei chiederti se sai mica dove potrei trovare un parruchierre bravo a Firenze &#8230; Saluti, Mariana.<\/em><br \/>\nE visto che un paio di giorni fa, in un commento, una ragazza mi ha chiesto la stessa cosa, mi sembra giusto farne un post.<br \/>\nIo vado da Hairforce, in via Ghibellina. Lo gestisce Joe, di origini siciliane ma cittadino del mondo (da Londra a Tokyo, \u00e8 sempre alla ricerca delle nuove tendenze della moda).<br \/>\nOltre a saper fare i capelli, i tagli, i colori ecc. il bello di quando vado l\u00ec \u00e8 che mi rilasso veramente. Mi siedo nella poltrona shiatsu mentre faccio lo shampoo, mi portano il caff\u00e8, mi leggo qualche rivista trash e il Venerd\u00ec di Repubblica. Insomma un&#8217;ora di break dalla frenesia di tutto il resto.<br \/>\nC&#8217;\u00e8 pure un pc connesso a Internet (gratis per i clienti) se proprio non riesco a resistere lontana dal web. Eh eh..<br \/>\nIo ho il mio appuntamento fisso con Cleo, bravissima a lisciarmi i miei capelli ricci (senza piastra!) ma anche gli altri ragazzi sono bravi (Andrea, Francesco, Nunzia) e gentili, il che non guasta.<br \/>\nE poi&#8230; essendo in centro a Firenze, i ragazzi dello staff sono a conoscenza dei nuovi locali e ristoranti che aprono in citt\u00e0: chiaccherando fra un phon e una sforbiciata si scopre spesso qualcosa di interessante da fare.<br \/>\nUltima cosa: sono anche piuttosto rapidi ed economici.<br \/>\nSo che, se andrete a nome del blog, Joe la prima volta vi far\u00e0 uno sconticino&#8230; a me, dopo la prima volta che lo incontrai, (durante un aperitivo al Salamanca, l\u00ec accanto), fece uno sconto del 10%. Spero di non espormi troppo!!<\/p>\n<p>Ah! \u00e8 quello dove ho pure fatto le <a href=\"http:\/\/ioamofirenze.blogspot.com\/2006\/11\/ancora-riprese-con-i-giapponesi.html\" target=\"_blank\">riprese dei giapponesi<\/a>..<\/p> <\/blockquote> <div class=\"sc-testimonial-name\">IO AMO FIRENZE<\/div>\t<\/div><\/div>[\/vc_column][\/vc_row][vc_row content_placement=&#8221;middle&#8221;][vc_column][vc_gallery type=&#8221;image_grid&#8221; images=&#8221;333,334,335,336,337,338,402,340,404,342&#8243; img_size=&#8221;194&#215;194&#8243;][\/vc_column][\/vc_row]<\/p>","protected":false},"excerpt":{"rendered":"<p>[vc_row full_width=&#8221;stretch_row_content_no_spaces&#8221; css=&#8221;.vc_custom_1464595325128{margin-bottom: 0px !important;}&#8221;][vc_column][vc_column_text][\/vc_column_text][\/vc_column][\/vc_row][vc_row][vc_column][vc_column_text] Dicono di noi www.zankyou.it www.teladoiofirenze.it (Hairforce Ghibellina) www.teladoiofirenze.it (Hairforce Coverciano)[\/vc_column_text][\/vc_column][\/vc_row][vc_row content_placement=&#8221;middle&#8221;][vc_column][vc_gallery type=&#8221;image_grid&#8221; images=&#8221;333,334,335,336,337,338,402,340,404,342&#8243; img_size=&#8221;194&#215;194&#8243;][\/vc_column][\/vc_row]<\/p>\n","protected":false},"author":1,"featured_media":0,"parent":0,"menu_order":0,"comment_status":"closed","ping_status":"closed","template":"","meta":[],"_links":{"self":[{"href":"https:\/\/hairforce.it\/it\/wp-json\/wp\/v2\/pages\/171"}],"collection":[{"href":"https:\/\/hairforce.it\/it\/wp-json\/wp\/v2\/pages"}],"about":[{"href":"https:\/\/hairforce.it\/it\/wp-json\/wp\/v2\/types\/page"}],"author":[{"embeddable":true,"href":"https:\/\/hairforce.it\/it\/wp-json\/wp\/v2\/users\/1"}],"replies":[{"embeddable":true,"href":"https:\/\/hairforce.it\/it\/wp-json\/wp\/v2\/comments?post=171"}],"version-history":[{"count":14,"href":"https:\/\/hairforce.it\/it\/wp-json\/wp\/v2\/pages\/171\/revisions"}],"predecessor-version":[{"id":429,"href":"https:\/\/hairforce.it\/it\/wp-json\/wp\/v2\/pages\/171\/revisions\/429"}],"wp:attachment":[{"href":"https:\/\/hairforce.it\/it\/wp-json\/wp\/v2\/media?parent=171"}],"curies":[{"name":"wp","href":"https:\/\/api.w.org\/{rel}","templated":true}]}}