{"id":580,"date":"2020-02-18T09:48:11","date_gmt":"2020-02-18T08:48:11","guid":{"rendered":"https:\/\/hairforce.it\/?page_id=580"},"modified":"2020-02-18T09:54:52","modified_gmt":"2020-02-18T08:54:52","slug":"privacy-policy","status":"publish","type":"page","link":"https:\/\/hairforce.it\/it\/privacy-policy\/","title":{"rendered":"Privacy Policy"},"content":{"rendered":"<p><\/p>\n<p class=\"p1\"><span class=\"s1\">INFORMATIVA AL TRATTAMENTO DEI DATI PERSONALI<\/span><\/p>\n<p class=\"p1\"><span class=\"s1\">I dati personali dell&#8217;utente sono utilizzati da Hairforce S.N.C , che ne \u00e8 titolare per il trattamento, nel rispetto dei principi di protezione dei dati personali stabiliti dal Regolamento GDPR 2016\/679.<\/span><\/p>\n<p class=\"p1\"><span class=\"s1\">BASE GIURIDICA<\/span><\/p>\n<p class=\"p1\"><span class=\"s1\">1) Il conferimento dei dati \u00e8 obbligatorio per tutto quanto \u00e8 richiesto dagli obblighi legali e contrattuali e pertanto l&#8217;eventuale rifiuto a fornirli in tutto o in parte pu\u00f2 dar luogo all&#8217;impossibilit\u00e0 di fornire i servizi richiesti.<\/span><\/p>\n<p class=\"p1\"><span class=\"s1\">La societ\u00e0 tratta i dati facoltativi degli utenti in base al consenso, ossia mediante l\u2019approvazione esplicita della presente policy privacy e in relazione alle modalit\u00e0 e finalit\u00e0 di seguito descritte.<\/span><\/p>\n<p class=\"p1\"><span class=\"s1\">MODALIT\u00c0 E FINALIT\u00c0 DEL TRATTAMENTO DATI<\/span><\/p>\n<p class=\"p1\"><span class=\"s1\">2) La informiamo che i dati verranno trattati con il supporto dei seguenti mezzi: <\/span><span class=\"s2\">\uf02d<\/span><span class=\"s1\"> Mista &#8211; elettronica e cartacea<\/span><\/p>\n<p class=\"p1\"><span class=\"s1\">con le seguenti finalit\u00e0:<\/span><\/p>\n<p class=\"p1\"><span class=\"s1\">Adempimento di obblighi di legge connessi a rapporti commerciali<\/span><\/p>\n<p class=\"p1\"><span class=\"s1\"> Adempimento di obblighi fiscali o contabili<\/span><\/p>\n<p class=\"p1\"><span class=\"s1\"> Gestione della clientela<\/span><\/p>\n<p class=\"p1\"><span class=\"s1\"> Invio di comunicazioni<\/span><\/p>\n<p class=\"p1\"><span class=\"s1\"> Gestione dei fornitori<\/span><\/p>\n<p class=\"p1\"><span class=\"s1\"> Erogazione del servizio prodotto<\/span><\/p>\n<p class=\"p1\"><span class=\"s1\"> Servizio di assistenza e consulenza .<\/span><\/p>\n<p class=\"p1\"><span class=\"s1\"> Elaborazione, stampa, imbustamento e spedizione fatture<\/span><\/p>\n<p class=\"p1\"><span class=\"s1\">PERIODO DI CONSERVAZIONE<\/span><\/p>\n<p class=\"p1\"><span class=\"s1\">3) I dati obbligatori ai fini contrattuali e contabili sono conservati per il tempo necessario allo svolgimento del rapporto commerciale e contabile.<\/span><\/p>\n<p class=\"p1\"><span class=\"s1\">I dati di chi non acquista o usufruisce di prodotti\/servizi, pur avendo avuto un precedente contatto con dei rappresentanti dell\u2019azienda, saranno immediatamente cancellati o trattati in forma anonima, ove la loro conservazione non risulti altrimenti giustificata, salvo che sia stato acquisito validamente il consenso informato degli interessati relativo ad una successiva attivit\u00e0 di promozione commerciale o ricerca di mercato.<\/span><\/p>\n<p class=\"p1\"><span class=\"s1\">Il periodo di conservazione dei dati \u00e8: 10 anni<\/span><\/p>\n<p class=\"p2\"><span class=\"s1\"><span class=\"Apple-converted-space\">\u00a0 \u00a0<\/span><\/span><\/p>\n<p class=\"p1\"><span class=\"s1\">DIRITTI DELL\u2019INTERESSATO<\/span><\/p>\n<p class=\"p1\"><span class=\"s1\">2) AisensidelRegolamentoeuropeo679\/2016(GDPR)edellanormativanazionale,l&#8217;interessato pu\u00f2, secondo le modalit\u00e0 e nei limiti previsti dalla vigente normativa, esercitare i seguenti diritti:<\/span><\/p>\n<p class=\"p1\"><span class=\"s1\">richiedere la conferma dell&#8217;esistenza di dati personali che lo riguardano (diritto di accesso);<\/span><\/p>\n<p class=\"p1\"><span class=\"s1\"> conoscerne l&#8217;origine;<\/span><\/p>\n<p class=\"p1\"><span class=\"s1\"> riceverne comunicazione intelligibile;<\/span><\/p>\n<p class=\"p1\"><span class=\"s1\"> avere informazioni circa la logica, le modalit\u00e0 e le finalit\u00e0 del trattamento;<\/span><\/p>\n<p class=\"p1\"><span class=\"s1\"> richiederne l&#8217;aggiornamento, la rettifica, l&#8217;integrazione, la cancellazione, la<\/span><\/p>\n<p class=\"p1\"><span class=\"s1\">trasformazione in forma anonima, il blocco dei dati trattati in violazione di legge, ivi compresi quelli non pi\u00f9 necessari al perseguimento degli scopi per i quali sono stati raccolti;<\/span><\/p>\n<p class=\"p1\"><span class=\"s1\">nei casi di trattamento basato su consenso, ricevere i propri dati forniti al titolare, in forma strutturata e leggibile da un elaboratore di dati e in un formato comunemente usato da un dispositivo elettronico;<\/span><\/p>\n<p class=\"p1\"><span class=\"s1\">il diritto di presentare un reclamo all\u2019Autorit\u00e0 di controllo.<\/span><\/p>\n<p class=\"p1\"><span class=\"s1\">4) Titolare del trattamento dei Suoi dati personali \u00e8 :<\/span><\/p>\n<p class=\"p1\"><span class=\"s1\">Hairforce S.N.C. Di Scollo Ginanneschi e Nanni con sede legale a Firenze via ghibellina 74r 50122 e P.I.05147040488 hairforce@pec.it<\/span><\/p>\n<p><\/p>","protected":false},"excerpt":{"rendered":"<p>INFORMATIVA AL TRATTAMENTO DEI DATI PERSONALI I dati personali dell&#8217;utente sono utilizzati da Hairforce S.N.C , che ne \u00e8 titolare&#8230;<\/p>\n","protected":false},"author":1,"featured_media":0,"parent":0,"menu_order":0,"comment_status":"closed","ping_status":"closed","template":"","meta":[],"_links":{"self":[{"href":"https:\/\/hairforce.it\/it\/wp-json\/wp\/v2\/pages\/580"}],"collection":[{"href":"https:\/\/hairforce.it\/it\/wp-json\/wp\/v2\/pages"}],"about":[{"href":"https:\/\/hairforce.it\/it\/wp-json\/wp\/v2\/types\/page"}],"author":[{"embeddable":true,"href":"https:\/\/hairforce.it\/it\/wp-json\/wp\/v2\/users\/1"}],"replies":[{"embeddable":true,"href":"https:\/\/hairforce.it\/it\/wp-json\/wp\/v2\/comments?post=580"}],"version-history":[{"count":2,"href":"https:\/\/hairforce.it\/it\/wp-json\/wp\/v2\/pages\/580\/revisions"}],"predecessor-version":[{"id":582,"href":"https:\/\/hairforce.it\/it\/wp-json\/wp\/v2\/pages\/580\/revisions\/582"}],"wp:attachment":[{"href":"https:\/\/hairforce.it\/it\/wp-json\/wp\/v2\/media?parent=580"}],"curies":[{"name":"wp","href":"https:\/\/api.w.org\/{rel}","templated":true}]}}