{"id":7,"date":"2016-05-16T11:24:02","date_gmt":"2016-05-16T09:24:02","guid":{"rendered":"https:\/\/hairforce.it\/?page_id=7"},"modified":"2020-01-13T20:28:14","modified_gmt":"2020-01-13T19:28:14","slug":"home","status":"publish","type":"page","link":"https:\/\/hairforce.it\/it\/","title":{"rendered":"Home"},"content":{"rendered":"<p>[vc_row full_width=&#8221;stretch_row_content&#8221; el_class=&#8221;slider-row&#8221; css=&#8221;.vc_custom_1578925402171{margin-right: 0px !important;margin-left: 0px !important;padding-right: 0px !important;padding-left: 0px !important;}&#8221;][vc_column css=&#8221;.vc_custom_1578925469525{margin-right: 0px !important;margin-left: 0px !important;padding-right: 0px !important;padding-left: 0px !important;}&#8221;][vc_images_carousel images=&#8221;184&#8243; img_size=&#8221;full&#8221; onclick=&#8221;link_no&#8221; speed=&#8221;4000&#8243; autoplay=&#8221;yes&#8221; hide_pagination_control=&#8221;yes&#8221; wrap=&#8221;yes&#8221; el_class=&#8221;slider-home&#8221; css=&#8221;.vc_custom_1578943692206{margin-right: 0px !important;margin-left: 0px !important;padding-right: 0px !important;padding-left: 0px !important;}&#8221;][\/vc_column][\/vc_row][vc_row el_class=&#8221;saloni-row&#8221;][vc_column offset=&#8221;vc_hidden-lg vc_hidden-md vc_hidden-sm vc_hidden-xs&#8221;][vc_custom_heading text=&#8221;I NOSTRI SALONI&#8221; font_container=&#8221;tag:h2|text_align:center&#8221; use_theme_fonts=&#8221;yes&#8221;][\/vc_column][vc_column width=&#8221;1\/2&#8243; offset=&#8221;vc_hidden-lg vc_hidden-md vc_hidden-sm vc_hidden-xs&#8221;][vc_custom_heading text=&#8221;CENTRO&#8221; font_container=&#8221;tag:h3|text_align:center&#8221; use_theme_fonts=&#8221;yes&#8221;][vc_btn title=&#8221;Prenota Ora&#8221; shape=&#8221;square&#8221; color=&#8221;danger&#8221; align=&#8221;center&#8221; i_icon_fontawesome=&#8221;fa fa-scissors&#8221; link=&#8221;url:https%3A%2F%2Fwww.uala.it%2Fvenues%2F482%2Fwidget||target:%20_blank&#8221; add_icon=&#8221;true&#8221; el_class=&#8221;mpopup&#8221;][vc_single_image image=&#8221;162&#8243; img_size=&#8221;400&#215;400&#8243; alignment=&#8221;center&#8221; style=&#8221;vc_box_border&#8221; border_color=&#8221;white&#8221; onclick=&#8221;custom_link&#8221; css_animation=&#8221;left-to-right&#8221;][vc_column_text css_animation=&#8221;left-to-right&#8221;]<\/p>\n<p style=\"text-align: center;\">Il parrucchiere HairForce nasce a Firenze nella &#8220;storica&#8221; sede di via Ghibellina, nel centro storico di Firenze, a due passi da Piazza Santa Croce<\/p>\n<p style=\"text-align: center;\"><a href=\"https:\/\/www.yelp.it\/biz\/hairforce-firenze\" target=\"_blank\"><img loading=\"lazy\" class=\"alignnone size-full wp-image-392\" src=\"https:\/\/hairforce.it\/wp-content\/uploads\/2016\/05\/yelp.png\" alt=\"yelp\" width=\"70\" height=\"40\" \/><\/a><\/p>\n<p style=\"text-align: center;\"><a href=\"https:\/\/itunes.apple.com\/us\/app\/hairforce-ghibellina\/id1307600325?mt=8\" target=\"_blank\"><img loading=\"lazy\" class=\"alignnone size-full wp-image-476\" src=\"https:\/\/hairforce.it\/wp-content\/uploads\/2016\/05\/appstore.png\" alt=\"appstore\" width=\"140\" height=\"50\" \/><\/a>\u00a0<a href=\"https:\/\/play.google.com\/store\/apps\/details?id=com.uala.hairforceghibellina.android\" target=\"_blank\"><img loading=\"lazy\" class=\"alignnone size-full wp-image-477\" src=\"https:\/\/hairforce.it\/wp-content\/uploads\/2016\/05\/google_play.png\" alt=\"google_play\" width=\"140\" height=\"50\" \/><\/a><\/p>\n<p style=\"text-align: center;\">V.Ghibellina 74\/R, 50122 Firenze<\/p>\n<p style=\"text-align: center;\">Tel: <a href=\"tel:+39055241736\" target=\"_blank\">055 241736<\/a> | Mobile: <a href=\"tel:+393917268398\">3917268398<\/a><br \/>\nEmail: <a href=\"mailto:info@hairforce.it\">info@hairforce.it<\/a><\/p>\n<p>[\/vc_column_text][\/vc_column][vc_column width=&#8221;1\/2&#8243; offset=&#8221;vc_hidden-lg vc_hidden-md vc_hidden-sm vc_hidden-xs&#8221;][vc_custom_heading text=&#8221;COVERCIANO&#8221; font_container=&#8221;tag:h3|text_align:center&#8221; use_theme_fonts=&#8221;yes&#8221;][vc_btn title=&#8221;Prenota Ora&#8221; shape=&#8221;square&#8221; color=&#8221;danger&#8221; align=&#8221;center&#8221; i_icon_fontawesome=&#8221;fa fa-scissors&#8221; link=&#8221;url:https%3A%2F%2Fwww.uala.it%2Fvenues%2F491%2Fwidget||target:%20_blank&#8221; add_icon=&#8221;true&#8221; el_class=&#8221;mpopup&#8221;][vc_single_image image=&#8221;456&#8243; img_size=&#8221;400&#215;400&#8243; alignment=&#8221;center&#8221; style=&#8221;vc_box_border&#8221; border_color=&#8221;white&#8221; onclick=&#8221;custom_link&#8221; css_animation=&#8221;left-to-right&#8221;][vc_column_text css_animation=&#8221;left-to-right&#8221;]<\/p>\n<p style=\"text-align: center;\">HairForce in via Tozzi a Coverciano\u00a0assicura alla clientela sempre maggiori cure in un ambiente minimal, curato e con possibilit\u00e0 di parcheggio.<\/p>\n<p style=\"text-align: center;\"><a href=\"https:\/\/www.yelp.it\/biz\/hairforce-firenze-2\" target=\"blank\"><img loading=\"lazy\" class=\"alignnone size-full wp-image-392\" src=\"https:\/\/hairforce.it\/wp-content\/uploads\/2016\/05\/yelp.png\" alt=\"yelp\" width=\"70\" height=\"40\" \/><\/a><\/p>\n<p style=\"text-align: center;\"><a href=\"https:\/\/itunes.apple.com\/it\/app\/hairforce-coverciano\/id1307033446?mt=8\" target=\"_blank\"><img loading=\"lazy\" class=\"alignnone size-full wp-image-476\" src=\"https:\/\/hairforce.it\/wp-content\/uploads\/2016\/05\/appstore.png\" alt=\"appstore\" width=\"140\" height=\"50\" \/><\/a>\u00a0<a href=\"https:\/\/play.google.com\/store\/apps\/details?id=com.uala.hairforcecoverciano.android\" target=\"_blank\"><img loading=\"lazy\" class=\"alignnone size-full wp-image-477\" src=\"https:\/\/hairforce.it\/wp-content\/uploads\/2016\/05\/google_play.png\" alt=\"google_play\" width=\"140\" height=\"50\" \/><\/a><\/p>\n<p style=\"text-align: center;\">V. Tozzi 28 (Coverciano), 50135 Firenze<\/p>\n<p style=\"text-align: center;\">Tel. <a href=\"tel:+39055608119\" target=\"_blank\">055 608119<\/a>\u00a0| Email:\u00a0<a href=\"mailto:social@hairforce.it\">social@hairforce.it<\/a><\/p>\n<p>[\/vc_column_text][\/vc_column][\/vc_row][vc_row full_width=&#8221;stretch_row&#8221; parallax=&#8221;content-moving&#8221; parallax_image=&#8221;29&#8243; parallax_speed_bg=&#8221;3&#8243; el_id=&#8221;immagination&#8221;][vc_column][vc_column_text css_animation=&#8221;left-to-right&#8221; css=&#8221;.vc_custom_1463470127760{padding-top: 40px !important;padding-right: 40px !important;padding-bottom: 40px !important;padding-left: 40px !important;background-color: rgba(0,0,0,0.67) !important;*background-color: rgb(0,0,0) !important;}&#8221;]<\/p>\n<h2 style=\"text-align: center;\">IMMAGINATION<\/h2>\n<p style=\"text-align: center;\">In Hairforce le nostre cure e attenzioni sono tutte per far risaltare la tua bellezza. I nuovissimi servizi di skin care con il top sul mercato faranno splendere la tua pelle, e con il patch levigante bioesthetique avrai uno sguardo riposato e fresco fino a 12 ore, per essere meravigliosa e splendente in un\u2019occasione importante.<\/p>\n<hr \/>\n<p style=\"text-align: center;\">Con le nostre make up artist potrai studiare il modo migliore per valorizzare il tuo viso in un giorno speciale, sia a domicilio che in negozio. Potrai scegliere un trucco che valorizzi al meglio i tuoi lineamenti e i tuoi colori, o potrai decidere di stupire tutti osando con qualcosa di particolare. Le nostre make up artist sapranno ascoltarti e capire insieme a te la soluzione migliore per il tuo evento.<\/p>\n<p>[\/vc_column_text][\/vc_column][\/vc_row][vc_row full_width=&#8221;stretch_row&#8221; css=&#8221;.vc_custom_1463403418317{margin-top: 0px !important;}&#8221; el_id=&#8221;chisiamo&#8221;][vc_column][vc_column_text]<\/p>\n<h2 style=\"text-align: center;\">CHI SIAMO<\/h2>\n<p style=\"text-align: center;\"><strong>HairForce<\/strong>\u00a0propone una nuova concezione dell&#8217;<strong>hair-styling<\/strong>, un momento da dedicare a se stessi, al relax e alle curiosit\u00e0. Molto pi\u00f9 di un parrucchiere, \u00e8 un luogo dove rilassarsi dolcemente cullati da una poltrona massaggiante, essere sempre connessi sui social grazie agli Ipad presenti in negozio, conoscere le nuove tendenze di moda e beauty, incontrare professionisti del settore disponibili per preziosi consigli personalizzati su make up e skin care.<\/p>\n<p>[\/vc_column_text][vc_btn title=&#8221;Scopri di pi\u00f9&#8221; shape=&#8221;square&#8221; color=&#8221;danger&#8221; align=&#8221;center&#8221; link=&#8221;url:https%3A%2F%2Fhairforce.it%2Fit%2Fabout-us%2F|||&#8221; el_class=&#8221;mpopup&#8221;][vc_row_inner][vc_column_inner width=&#8221;1\/2&#8243;][vc_single_image image=&#8221;28&#8243; img_size=&#8221;450&#215;450&#8243; alignment=&#8221;center&#8221; style=&#8221;vc_box_circle&#8221; css_animation=&#8221;appear&#8221;][\/vc_column_inner][vc_column_inner width=&#8221;1\/2&#8243;][vc_column_text]<\/p>\n<p style=\"text-align: left;\">Hairforce \u00e8 un concept store di beauty a 360 gradi per uomo e donna, grazie all\u2019aggiornamento costante su tendenze capelli, beauty e make up<\/p>\n<p>[\/vc_column_text]<\/p>\n<div class=\"sc-list sc-list-color-3\">\n<ul>\n<li>Skin care linea viso (gommage, scrub, esfolianti, sieri, maschere\u2026)<\/li>\n<li>Studio di tagli ad hoc sui lineamenti del viso della persona<\/li>\n<li>Trattamenti ricostituenti per capelli alla cheratina, capelli lisci e setosi fino a 4\u00a0mesi<\/li>\n<li>Trucco personalizzato per eventi e cerimonie<\/li>\n<li>Manicure semipermanente con Shellac<\/li>\n<\/ul>\n<\/div>\n<p>[\/vc_column_inner][\/vc_row_inner][\/vc_column][\/vc_row][vc_row full_width=&#8221;stretch_row&#8221; css=&#8221;.vc_custom_1463409912939{background-color: #ffffff !important;}&#8221;][vc_column][vc_column_text el_class=&#8221;white&#8221;]<\/p>\n<h2 style=\"text-align: center;\">VUOI IMPARARE A TRUCCARTI DA SOLA?<\/h2>\n<p style=\"text-align: center;\">Ti aspettiamo ai nostri open day di self make up, con una truccatrice professionista che ti insegner\u00e0 a usare pochi strategici prodotti in modo facile, veloce e soprattutto divertente!<\/p>\n<p>[\/vc_column_text][vc_btn title=&#8221;Servizi&#8221; shape=&#8221;square&#8221; color=&#8221;danger&#8221; align=&#8221;center&#8221; link=&#8221;url:https%3A%2F%2Fhairforce.it%2Fit%2Fservizi%2F|||&#8221; el_class=&#8221;mpopup&#8221;][vc_row_inner][vc_column_inner width=&#8221;1\/6&#8243; offset=&#8221;vc_col-lg-2 vc_col-md-1 vc_hidden-sm vc_hidden-xs&#8221;][\/vc_column_inner][vc_column_inner el_class=&#8221;carosello&#8221; width=&#8221;2\/3&#8243; offset=&#8221;vc_col-lg-8 vc_col-md-offset-0 vc_col-md-10 vc_col-sm-offset-0 vc_hidden-xs&#8221; css=&#8221;.vc_custom_1463481566069{margin-right: -15px !important;margin-left: -15px !important;}&#8221;][vc_images_carousel images=&#8221;46,49,386,387,388&#8243; img_size=&#8221;800&#215;400&#8243; autoplay=&#8221;yes&#8221; hide_prev_next_buttons=&#8221;yes&#8221; wrap=&#8221;yes&#8221;][\/vc_column_inner][vc_column_inner width=&#8221;1\/6&#8243; offset=&#8221;vc_col-lg-2 vc_col-md-1 vc_hidden-sm vc_hidden-xs&#8221;][\/vc_column_inner][\/vc_row_inner][vc_column_text el_class=&#8221;white&#8221;]<\/p>\n<p style=\"text-align: center;\">E per concederti una coccola in pi\u00f9, perch\u00e9 non provare anche la nostra manicure semi permanente? La manicure che proponiamo \u00e8 assolutamente delicata perch\u00e9 non prevede la limatura dell\u2019unghia, dura fino a 3 settimane con un effetto specchio, e si rimuove in 5 minuti.<\/p>\n<p>[\/vc_column_text][\/vc_column][\/vc_row][vc_row full_width=&#8221;stretch_row_content&#8221; el_id=&#8221;team&#8221;][vc_column][vc_custom_heading text=&#8221;IL NOSTRO TEAM&#8221; font_container=&#8221;tag:h2|text_align:center&#8221; use_theme_fonts=&#8221;yes&#8221;]<div class=\"sc-team row inline-row sc-team-style-rounded\">\n<div class=\"col-md-3 col-sm-6 col-xs-12 inline-column\"> <div id=\"post-36\" class=\"team-person post-36 scalia_team_person type-scalia_team_person status-publish has-post-thumbnail hentry\"> <div class=\"team-person-image\"><img src=\"https:\/\/hairforce.it\/wp-content\/uploads\/2016\/05\/andrea-scalia-person.jpg\" alt=\"\" class=\"img-circle img-responsive\" ><\/div> <div class=\"team-person-info\"> <div class=\"team-person-name\">ANDREA GINANNESCHI<\/div> <div class=\"team-person-description\"><p>Nel 1998 frequenta l&#8217;Armonia Hair Academy, la passione \u00e8 subito riconosciuta e viene \u201carruolato\u201d tra i docenti della medesima Accademia.<br \/>\nFonda con Francesco e Joe il primo salone Hair Force nel 2001. Oggi affianca alla sua attivit\u00e0 in salone quella di consulente tecnico per una delle pi\u00f9 note aziende cosmetiche italiane.<\/p>\n<\/div> <\/div> <\/div>\n<\/div> <div class=\"col-md-3 col-sm-6 col-xs-12 inline-column\"> <div id=\"post-37\" class=\"team-person post-37 scalia_team_person type-scalia_team_person status-publish has-post-thumbnail hentry\"> <div class=\"team-person-image\"><img src=\"https:\/\/hairforce.it\/wp-content\/uploads\/2016\/05\/francesco-scalia-person.jpg\" alt=\"\" class=\"img-circle img-responsive\" ><\/div> <div class=\"team-person-info\"> <div class=\"team-person-name\">FRANCESCO NANNI<\/div> <div class=\"team-person-description\"><p>Frequenta con dedizione l&#8217;Armonia Hair Academy di Firenze, si specializza e affina tecnica ed estro fino a divenire nel 2001 uno dei fondatori dell&#8217;attuale realt\u00e0 hair Force.<br \/>\nL&#8217;entusiamo, la solarit\u00e0 insieme alla competenza lo rendono perno dinamico del team.<\/p>\n<\/div> <\/div> <\/div>\n<\/div> <div class=\"col-md-3 col-sm-6 col-xs-12 inline-column\"> <div id=\"post-38\" class=\"team-person post-38 scalia_team_person type-scalia_team_person status-publish has-post-thumbnail hentry\"> <div class=\"team-person-image\"><img src=\"https:\/\/hairforce.it\/wp-content\/uploads\/2016\/05\/joe-scalia-person.jpg\" alt=\"\" class=\"img-circle img-responsive\" ><\/div> <div class=\"team-person-info\"> <div class=\"team-person-name\">JOE SCOLLO<\/div> <div class=\"team-person-description\"><p>Studia le tecniche dell&#8217;hair style a Londra presso \u201cVIDAL SASSOON ACADEMY\u201d. Lavora per sei anni come stilista in alcuni dei pi\u00f9 rinomati saloni della capitale britannica, sviluppando tecniche e gusto \u201cbrith\u201d. Nel 1988 diventa responsabile della formazione presso Armonia Hair Academy di Firenze fino a che nel 2001 non getta le basi del primo Hair Force di via Ghibellina.<\/p>\n<\/div> <\/div> <\/div>\n<\/div>\n<\/div>[\/vc_column][\/vc_row][vc_row full_width=&#8221;stretch_row_content_no_spaces&#8221; css=&#8221;.vc_custom_1578591834416{margin-top: -33px !important;margin-bottom: -27px !important;padding-top: 0px !important;}&#8221; el_id=&#8221;dovesiamo&#8221; el_class=&#8221;d-flex&#8221;][vc_column][vc_custom_heading text=&#8221;DOVE SIAMO&#8221; font_container=&#8221;tag:h2|text_align:center&#8221; use_theme_fonts=&#8221;yes&#8221; css=&#8221;.vc_custom_1464687852302{margin-bottom: 0px !important;background-color: #ffffff !important;}&#8221;][vc_row_inner el_class=&#8221;d-flex&#8221;][vc_column_inner el_class=&#8221;w-100&#8243; width=&#8221;1\/2&#8243;][vc_raw_html]JTNDaWZyYW1lJTIwc3JjJTNEJTIyaHR0cHMlM0ElMkYlMkZ3d3cuZ29vZ2xlLmNvbSUyRm1hcHMlMkZlbWJlZCUzRnBiJTNEJTIxMW0xOCUyMTFtMTIlMjExbTMlMjExZDI4ODEuMTM5NzkxMTcwNzgzNiUyMTJkMTEuMjYwNzM3MDE1NjcxMjA0JTIxM2Q0My43Njk5NTY5NTI4OTA2JTIxMm0zJTIxMWYwJTIxMmYwJTIxM2YwJTIxM20yJTIxMWkxMDI0JTIxMmk3NjglMjE0ZjEzLjElMjEzbTMlMjExbTIlMjExczB4MTMyYTU0MDYyNjYzMzdlOSUyNTNBMHg5ZGFiYmYyYjkxZjVlM2M0JTIxMnNIYWlyZm9yY2UlMkJTLm4uYyUyMTVlMCUyMTNtMiUyMTFzaXQlMjEyc2l0JTIxNHYxNTYwMTYxMDYyNzM2JTIxNW0yJTIxMXNpdCUyMTJzaXQlMjIlMjB3aWR0aCUzRCUyMjk5JTI1JTIyJTIwaGVpZ2h0JTNEJTIyNDUwJTIyJTIwZnJhbWVib3JkZXIlM0QlMjIwJTIyJTIwc3R5bGUlM0QlMjJib3JkZXIlM0EwJTIyJTIwYWxsb3dmdWxsc2NyZWVuJTNFJTNDJTJGaWZyYW1lJTNF[\/vc_raw_html][\/vc_column_inner][vc_column_inner width=&#8221;1\/2&#8243; offset=&#8221;vc_hidden-lg vc_hidden-md vc_hidden-sm vc_hidden-xs&#8221;][vc_raw_html]JTNDaWZyYW1lJTIwc3JjJTNEJTIyaHR0cHMlM0ElMkYlMkZ3d3cuZ29vZ2xlLmNvbSUyRm1hcHMlMkZlbWJlZCUzRnBiJTNEJTIxMW0xOCUyMTFtMTIlMjExbTMlMjExZDI4ODAuNjc2NDQzMzYyNzM2MyUyMTJkMTEuMjk0NzU5NDE1NjcxNDc1JTIxM2Q0My43Nzk1NzQ4NTIyNjcyOTUlMjEybTMlMjExZjAlMjEyZjAlMjEzZjAlMjEzbTIlMjExaTEwMjQlMjEyaTc2OCUyMTRmMTMuMSUyMTNtMyUyMTFtMiUyMTFzMHgxMzJhNTQ2MWNmOGFkYmY3JTI1M0EweGQ3OTQ1ZTBmOTg0ODE3MWIlMjEyc0hhaXJmb3JjZSUyQkNvdmVyY2lhbm8lMjE1ZTAlMjEzbTIlMjExc2l0JTIxMnNpdCUyMTR2MTU2MDE2MTExNDQ1NyUyMTVtMiUyMTFzaXQlMjEyc2l0JTIyJTIwd2lkdGglM0QlMjI5OSUyNSUyMiUyMGhlaWdodCUzRCUyMjQ1MCUyMiUyMGZyYW1lYm9yZGVyJTNEJTIyMCUyMiUyMHN0eWxlJTNEJTIyYm9yZGVyJTNBMCUyMiUyMGFsbG93ZnVsbHNjcmVlbiUzRSUzQyUyRmlmcmFtZSUzRQ==[\/vc_raw_html][\/vc_column_inner][\/vc_row_inner][\/vc_column][\/vc_row]<\/p>","protected":false},"excerpt":{"rendered":"<p>[vc_row full_width=&#8221;stretch_row_content&#8221; el_class=&#8221;slider-row&#8221; css=&#8221;.vc_custom_1578925402171{margin-right: 0px !important;margin-left: 0px !important;padding-right: 0px !important;padding-left: 0px !important;}&#8221;][vc_column css=&#8221;.vc_custom_1578925469525{margin-right: 0px !important;margin-left: 0px !important;padding-right: 0px !important;padding-left: 0px&#8230;<\/p>\n","protected":false},"author":1,"featured_media":0,"parent":0,"menu_order":0,"comment_status":"closed","ping_status":"closed","template":"","meta":[],"_links":{"self":[{"href":"https:\/\/hairforce.it\/it\/wp-json\/wp\/v2\/pages\/7"}],"collection":[{"href":"https:\/\/hairforce.it\/it\/wp-json\/wp\/v2\/pages"}],"about":[{"href":"https:\/\/hairforce.it\/it\/wp-json\/wp\/v2\/types\/page"}],"author":[{"embeddable":true,"href":"https:\/\/hairforce.it\/it\/wp-json\/wp\/v2\/users\/1"}],"replies":[{"embeddable":true,"href":"https:\/\/hairforce.it\/it\/wp-json\/wp\/v2\/comments?post=7"}],"version-history":[{"count":120,"href":"https:\/\/hairforce.it\/it\/wp-json\/wp\/v2\/pages\/7\/revisions"}],"predecessor-version":[{"id":573,"href":"https:\/\/hairforce.it\/it\/wp-json\/wp\/v2\/pages\/7\/revisions\/573"}],"wp:attachment":[{"href":"https:\/\/hairforce.it\/it\/wp-json\/wp\/v2\/media?parent=7"}],"curies":[{"name":"wp","href":"https:\/\/api.w.org\/{rel}","templated":true}]}}